{"id":62,"date":"2021-01-27T07:35:07","date_gmt":"2021-01-27T06:35:07","guid":{"rendered":"https:\/\/solutechcorporate.com\/index.php\/contact\/"},"modified":"2025-09-15T14:58:54","modified_gmt":"2025-09-15T12:58:54","slug":"contact","status":"publish","type":"page","link":"https:\/\/suniverse.solutechcorporate.com\/index.php\/contact\/","title":{"rendered":"Contact"},"content":{"rendered":"\t\t<div data-elementor-type=\"wp-page\" data-elementor-id=\"62\" class=\"elementor elementor-62\" data-elementor-post-type=\"page\">\n\t\t\t\t<div class=\"aux-parallax-section elementor-element elementor-element-064aba7 e-flex e-con-boxed e-con e-parent\" data-id=\"064aba7\" data-element_type=\"container\" data-e-type=\"container\">\n\t\t\t\t\t<div class=\"e-con-inner\">\n\t\t<div class=\"elementor-element elementor-element-f1af882 e-con-full e-flex e-con e-child\" data-id=\"f1af882\" data-element_type=\"container\" data-e-type=\"container\">\n\t\t\t\t<div class=\"elementor-element elementor-element-d114584 elementor-widget__width-auto elementor-widget elementor-widget-aux_image\" data-id=\"d114584\" data-element_type=\"widget\" data-e-type=\"widget\" data-widget_type=\"aux_image.default\">\n\t\t\t\t<div class=\"elementor-widget-container\">\n\t\t\t\t\t<section class=\"widget-container aux-widget-image aux-alignnone aux-parent-au13aa942d\">\n    <div class=\"aux-media-hint-frame \">\n        <div class=\"aux-media-image \" >\n        \n            \n\n            \n            <img decoding=\"async\" src=\"https:\/\/suniverse.solutechcorporate.com\/wp-content\/uploads\/2021\/01\/Rectangle-84.png\" class=\"attachment-full size-full\" alt=\"\" \/>            \n                <\/div>\n    <\/div>\n\n<\/section><!-- widget-container -->\t\t\t\t<\/div>\n\t\t\t\t<\/div>\n\t\t<div class=\"elementor-element elementor-element-7ddeaf8 e-con-full e-flex e-con e-child\" data-id=\"7ddeaf8\" data-element_type=\"container\" data-e-type=\"container\">\n\t\t<div class=\"elementor-element elementor-element-805273f e-con-full e-flex e-con e-child\" data-id=\"805273f\" data-element_type=\"container\" data-e-type=\"container\">\n\t\t\t\t<div class=\"elementor-element elementor-element-25cdf7b aux-appear-watch-animation aux-scale-down elementor-widget elementor-widget-aux_modern_heading\" data-id=\"25cdf7b\" data-element_type=\"widget\" data-e-type=\"widget\" id=\"special\" data-widget_type=\"aux_modern_heading.default\">\n\t\t\t\t<div class=\"elementor-widget-container\">\n\t\t\t\t\t<section class=\"aux-widget-modern-heading\">\n            <div class=\"aux-widget-inner\"><h5 class=\"aux-modern-heading-primary\">Contactez nous <\/h5><h3 class=\"aux-modern-heading-secondary\"><span class=\"aux-head-before\">Laissez nous un message ici<\/span><\/h3><div class=\"aux-modern-heading-description\"><p>Ton adresse mail ne sera jamais divulgu\u00e9. La confidentialit\u00e9 est notre priorit\u00e9.\u00a0<\/p><\/div><\/div>\n        <\/section>\t\t\t\t<\/div>\n\t\t\t\t<\/div>\n\t\t\t\t<div class=\"elementor-element elementor-element-46947fc aux-appear-watch-animation aux-fade-in-up-1 elementor-widget elementor-widget-aux_contact_form\" data-id=\"46947fc\" data-element_type=\"widget\" data-e-type=\"widget\" data-widget_type=\"aux_contact_form.default\">\n\t\t\t\t<div class=\"elementor-widget-container\">\n\t\t\t\t\t<section class=\"widget-container aux-widget-contact-form aux-parent-aue9d70fe9\">            <div class=\"aux-col-wrapper aux-no-gutter\">\n            <!-- @TODO - The output for element here -->\n\n            \n            \n            <form action=\"https:\/\/suniverse.solutechcorporate.com\/index.php\/contact\/\" id=\"contactForm\" class=\"aux-contact-form\" method=\"post\" >\n                <input type=\"text\"  name=\"cName\"    id=\"cName\"    placeholder=\"Name\" required >\n                <input type=\"email\" name=\"cEmail\"   id=\"cEmail\"   placeholder=\"E-Mail\" required >\n                <input type=\"text\"  name=\"cURL\"     id=\"cURL\"     placeholder=\"Website\" >\n                <textarea           name=\"cComment\" id=\"cComment\" placeholder=\"Message\" required><\/textarea>\n                <input type=\"submit\" id=\"submit\" class=\"submit\"  value=\"Submit\" >\n\n                \n                <input type=\"hidden\" name=\"formSubmitted\" id=\"formSubmitted\" value=\"true\" \/>\n            <\/form>\n\n            \n\n            <\/div><!-- aux-col-wrapper -->\n    <\/section><!-- widget-container -->\t\t\t\t<\/div>\n\t\t\t\t<\/div>\n\t\t\t\t<\/div>\n\t\t<div class=\"elementor-element elementor-element-30db38a e-con-full e-flex e-con e-child\" data-id=\"30db38a\" data-element_type=\"container\" data-e-type=\"container\">\n\t\t\t\t<div class=\"elementor-element elementor-element-b1b6025 elementor-widget elementor-widget-google_maps\" data-id=\"b1b6025\" data-element_type=\"widget\" data-e-type=\"widget\" data-widget_type=\"google_maps.default\">\n\t\t\t\t<div class=\"elementor-widget-container\">\n\t\t\t\t\t\t\t<div class=\"elementor-custom-embed\">\n\t\t\t<iframe loading=\"lazy\"\n\t\t\t\t\tsrc=\"https:\/\/maps.google.com\/maps?q=9CGW%2B3CC%20Sacr%C3%A9%20Coeur%2C%20Cotonou%2C%20B%C3%A9nin&#038;t=m&#038;z=10&#038;output=embed&#038;iwloc=near\"\n\t\t\t\t\ttitle=\"9CGW+3CC Sacr\u00e9 Coeur, Cotonou, B\u00e9nin\"\n\t\t\t\t\taria-label=\"9CGW+3CC Sacr\u00e9 Coeur, Cotonou, B\u00e9nin\"\n\t\t\t><\/iframe>\n\t\t<\/div>\n\t\t\t\t\t\t<\/div>\n\t\t\t\t<\/div>\n\t\t<div class=\"elementor-element elementor-element-01ced5d e-con-full e-flex e-con e-child\" data-id=\"01ced5d\" data-element_type=\"container\" data-e-type=\"container\" data-settings=\"{&quot;background_background&quot;:&quot;classic&quot;}\">\n\t\t<div class=\"elementor-element elementor-element-ed4eae1 e-con-full e-flex e-con e-child\" data-id=\"ed4eae1\" data-element_type=\"container\" data-e-type=\"container\">\n\t\t\t\t<div class=\"elementor-element elementor-element-b6de8f7 aux-appear-watch-animation aux-fade-in-left-2 elementor-widget elementor-widget-aux_text\" data-id=\"b6de8f7\" data-element_type=\"widget\" data-e-type=\"widget\" data-widget_type=\"aux_text.default\">\n\t\t\t\t<div class=\"elementor-widget-container\">\n\t\t\t\t\t<section class=\"widget-container aux-widget-text aux-parent-aufb05f5aa\">        <div class=\"aux-widget-advanced-text aux-wrap-style-simple aux-ico-pos-top aux-text-left aux-text-resp- aux-text-color-dark aux-text-widget-bg-center  \" >\n        \n                            <div class=\"aux-text-widget-header \"  >\n                        <div class=\"aux-ico-box aux-ico-large aux-img-box aux-ico-shape-default aux-ico-clear \">\n                                                                <img decoding=\"async\" src=\"https:\/\/suniverse.solutechcorporate.com\/wp-content\/uploads\/2021\/01\/Chat.png\" class=\"attachment-full size-full\" alt=\"\" \/>                                                    <\/div>\n                <\/div>\n            \n            <div class=\"aux-text-inner aux-text-widget-content\">\n                                <h4 class=\"col-title\">T\u00e9l\u00e9phone<\/h4>\n                                <div class=\"widget-content\">\n                                        <p><a class=\"phone-link\" href=\"tel:+2290190017516\">+229 0190017516<\/a><\/p>                <\/div>\n                            <\/div>\n        <\/div>\n                    <div class=\"aux-text-widget-footer\">\n                <div class=\"aux-border-shape-none \">\n                                <\/div>\n            <\/div>\n        \n<\/section><!-- widget-container -->\t\t\t\t<\/div>\n\t\t\t\t<\/div>\n\t\t\t\t<\/div>\n\t\t<div class=\"elementor-element elementor-element-7ad53fa e-con-full e-flex e-con e-child\" data-id=\"7ad53fa\" data-element_type=\"container\" data-e-type=\"container\">\n\t\t\t\t<div class=\"elementor-element elementor-element-1598d88 aux-appear-watch-animation aux-scale-down elementor-widget elementor-widget-aux_text\" data-id=\"1598d88\" data-element_type=\"widget\" data-e-type=\"widget\" data-widget_type=\"aux_text.default\">\n\t\t\t\t<div class=\"elementor-widget-container\">\n\t\t\t\t\t<section class=\"widget-container aux-widget-text aux-parent-au7b2b2e2d\">        <div class=\"aux-widget-advanced-text aux-wrap-style-simple aux-ico-pos-top aux-text-left aux-text-resp- aux-text-color-dark aux-text-widget-bg-center  \" >\n        \n                            <div class=\"aux-text-widget-header \"  >\n                        <div class=\"aux-ico-box aux-ico-large aux-img-box aux-ico-shape-default aux-ico-clear \">\n                                                                <img decoding=\"async\" src=\"https:\/\/suniverse.solutechcorporate.com\/wp-content\/uploads\/2021\/02\/Location.png\" class=\"attachment-full size-full\" alt=\"\" \/>                                                    <\/div>\n                <\/div>\n            \n            <div class=\"aux-text-inner aux-text-widget-content\">\n                                <h4 class=\"col-title\">Localisation<\/h4>\n                                <div class=\"widget-content\">\n                                        <p>SOLUTECH UNIVERSE est situ\u00e9 \u00e0 Apkapka von de la pharmacie Sacr\u00e9-coeur.<\/p>                <\/div>\n                            <\/div>\n        <\/div>\n                    <div class=\"aux-text-widget-footer\">\n                <div class=\"aux-border-shape-none \">\n                                <\/div>\n            <\/div>\n        \n<\/section><!-- widget-container -->\t\t\t\t<\/div>\n\t\t\t\t<\/div>\n\t\t\t\t<\/div>\n\t\t<div class=\"elementor-element elementor-element-4123979 e-con-full e-flex e-con e-child\" data-id=\"4123979\" data-element_type=\"container\" data-e-type=\"container\">\n\t\t\t\t<div class=\"elementor-element elementor-element-9d41dc8 aux-appear-watch-animation aux-fade-in-right-2 elementor-widget elementor-widget-aux_text\" data-id=\"9d41dc8\" data-element_type=\"widget\" data-e-type=\"widget\" id=\"lastline\" data-widget_type=\"aux_text.default\">\n\t\t\t\t<div class=\"elementor-widget-container\">\n\t\t\t\t\t<section class=\"widget-container aux-widget-text aux-parent-au2474e82e\">        <div class=\"aux-widget-advanced-text aux-wrap-style-simple aux-ico-pos-top aux-text-left aux-text-resp- aux-text-color-dark aux-text-widget-bg-center  \" >\n        \n                            <div class=\"aux-text-widget-header \"  >\n                        <div class=\"aux-ico-box aux-ico-large aux-img-box aux-ico-shape-default aux-ico-clear \">\n                                                                <img decoding=\"async\" src=\"https:\/\/suniverse.solutechcorporate.com\/wp-content\/uploads\/2021\/02\/Message.png\" class=\"attachment-full size-full\" alt=\"\" \/>                                                    <\/div>\n                <\/div>\n            \n            <div class=\"aux-text-inner aux-text-widget-content\">\n                                <h4 class=\"col-title\">Notre Email<\/h4>\n                                <div class=\"widget-content\">\n                                        <p><em><a href=\"mailto:suniverse@solutechcorporate.com\"><strong>suniverse@solutechcorporate.com\u00a0<\/strong><\/a><\/em><\/p>                <\/div>\n                            <\/div>\n        <\/div>\n                    <div class=\"aux-text-widget-footer\">\n                <div class=\"aux-border-shape-none \">\n                                <\/div>\n            <\/div>\n        \n<\/section><!-- widget-container -->\t\t\t\t<\/div>\n\t\t\t\t<\/div>\n\t\t\t\t<\/div>\n\t\t\t\t<\/div>\n\t\t\t\t<\/div>\n\t\t\t\t<\/div>\n\t\t\t\t<\/div>\n\t\t\t\t\t<\/div>\n\t\t\t\t<\/div>\n\t\t\t\t<\/div>\n\t\t","protected":false},"excerpt":{"rendered":"<p>Contactez nous Laissez nous un message ici Ton adresse mail ne sera jamais divulgu\u00e9. La confidentialit\u00e9 est notre priorit\u00e9.\u00a0 T\u00e9l\u00e9phone +229 0190017516 Localisation SOLUTECH UNIVERSE est situ\u00e9 \u00e0 Apkapka von de la pharmacie Sacr\u00e9-coeur. Notre Email suniverse@solutechcorporate.com\u00a0<\/p>\n","protected":false},"author":1,"featured_media":0,"parent":0,"menu_order":0,"comment_status":"closed","ping_status":"closed","template":"templates\/page-builder-content.php","meta":{"footnotes":""},"class_list":["post-62","page","type-page","status-publish","hentry"],"_links":{"self":[{"href":"https:\/\/suniverse.solutechcorporate.com\/index.php\/wp-json\/wp\/v2\/pages\/62","targetHints":{"allow":["GET"]}}],"collection":[{"href":"https:\/\/suniverse.solutechcorporate.com\/index.php\/wp-json\/wp\/v2\/pages"}],"about":[{"href":"https:\/\/suniverse.solutechcorporate.com\/index.php\/wp-json\/wp\/v2\/types\/page"}],"author":[{"embeddable":true,"href":"https:\/\/suniverse.solutechcorporate.com\/index.php\/wp-json\/wp\/v2\/users\/1"}],"replies":[{"embeddable":true,"href":"https:\/\/suniverse.solutechcorporate.com\/index.php\/wp-json\/wp\/v2\/comments?post=62"}],"version-history":[{"count":120,"href":"https:\/\/suniverse.solutechcorporate.com\/index.php\/wp-json\/wp\/v2\/pages\/62\/revisions"}],"predecessor-version":[{"id":3642,"href":"https:\/\/suniverse.solutechcorporate.com\/index.php\/wp-json\/wp\/v2\/pages\/62\/revisions\/3642"}],"wp:attachment":[{"href":"https:\/\/suniverse.solutechcorporate.com\/index.php\/wp-json\/wp\/v2\/media?parent=62"}],"curies":[{"name":"wp","href":"https:\/\/api.w.org\/{rel}","templated":true}]}}